{"id":1113,"date":"2025-06-09T12:31:43","date_gmt":"2025-06-09T12:31:43","guid":{"rendered":"http:\/\/refineria-victoriarubio.local\/contacto\/"},"modified":"2026-03-23T09:32:37","modified_gmt":"2026-03-23T09:32:37","slug":"contacto","status":"publish","type":"page","link":"https:\/\/victoriarubio.es\/es\/contacto\/","title":{"rendered":"Contacto"},"content":{"rendered":"\t\t<div data-elementor-type=\"wp-page\" data-elementor-id=\"1113\" class=\"elementor elementor-1113 elementor-68\" data-elementor-post-type=\"page\">\n\t\t\t\t<div class=\"elementor-element elementor-element-75cbf11 e-flex e-con-boxed sc_layouts_column_icons_position_left e-con e-parent\" data-id=\"75cbf11\" data-element_type=\"container\" data-e-type=\"container\">\n\t\t\t\t\t<div class=\"e-con-inner\">\n\t\t\t\t<div data-animation-type=\"block\" class=\"elementor-element elementor-element-a0b388c animation_type_block sc_fly_static elementor-invisible elementor-widget elementor-widget-heading\" data-id=\"a0b388c\" data-element_type=\"widget\" data-e-type=\"widget\" data-settings=\"{&quot;_animation&quot;:&quot;ta_fadeinup&quot;}\" data-widget_type=\"heading.default\">\n\t\t\t\t<div class=\"elementor-widget-container\">\n\t\t\t\t\t<h1 class=\"elementor-heading-title elementor-size-default\">Hablemos<\/h1>\t\t\t\t<\/div>\n\t\t\t\t<\/div>\n\t\t<div class=\"elementor-element elementor-element-5bac8a1 e-grid e-con-full sc_inner_width_none sc_layouts_column_icons_position_left e-con e-child\" data-id=\"5bac8a1\" data-element_type=\"container\" data-e-type=\"container\">\n\t\t<div data-animation-type=\"block\" class=\"elementor-element elementor-element-b36da85 e-con-full e-flex sc_layouts_column_icons_position_left animation_type_block elementor-invisible e-con e-child\" data-id=\"b36da85\" data-element_type=\"container\" data-e-type=\"container\" data-settings=\"{&quot;animation&quot;:&quot;ta_fadeinup&quot;,&quot;animation_delay&quot;:200}\">\n\t\t\t\t<div class=\"elementor-element elementor-element-bc03028 sc_fly_static elementor-widget elementor-widget-text-editor\" data-id=\"bc03028\" data-element_type=\"widget\" data-e-type=\"widget\" data-widget_type=\"text-editor.default\">\n\t\t\t\t<div class=\"elementor-widget-container\">\n\t\t\t\t\t\t\t\t\t<p><span style=\"font-weight: 400;\">Si est\u00e1s pensando en mudarte a Mallorca, invertir desde el extranjero o simplemente necesitas una orientaci\u00f3n local de confianza, estar\u00e9 encantada de ayudarte.<\/span><\/p><p><span style=\"font-weight: 400;\">Una primera conversaci\u00f3n es siempre <\/span><b>informal y sin compromiso<\/b><span style=\"font-weight: 400;\">.<\/span><\/p>\t\t\t\t\t\t\t\t<\/div>\n\t\t\t\t<\/div>\n\t\t\t\t<\/div>\n\t\t<div data-animation-type=\"block\" class=\"elementor-element elementor-element-d527f6f e-con-full e-flex sc_layouts_column_icons_position_left animation_type_block elementor-invisible e-con e-child\" data-id=\"d527f6f\" data-element_type=\"container\" data-e-type=\"container\" data-settings=\"{&quot;animation&quot;:&quot;ta_fadeinup&quot;,&quot;animation_delay&quot;:100}\">\n\t\t<div data-animation-type=\"block\" class=\"elementor-element elementor-element-1d1054b e-con-full e-flex sc_layouts_column_icons_position_left animation_type_block elementor-invisible e-con e-child\" data-id=\"1d1054b\" data-element_type=\"container\" data-e-type=\"container\" data-settings=\"{&quot;animation&quot;:&quot;ta_fadeinup&quot;}\">\n\t\t\t\t<div class=\"elementor-element elementor-element-f5cdef3 sc_fly_static elementor-widget elementor-widget-heading\" data-id=\"f5cdef3\" data-element_type=\"widget\" data-e-type=\"widget\" data-widget_type=\"heading.default\">\n\t\t\t\t<div class=\"elementor-widget-container\">\n\t\t\t\t\t<h6 class=\"elementor-heading-title elementor-size-default\">Correo electr\u00f3nico<\/h6>\t\t\t\t<\/div>\n\t\t\t\t<\/div>\n\t\t\t\t<div class=\"elementor-element elementor-element-780894b trx-addons-icon-list-traditional elementor-list-item-link-inline trx-addons-icon-left sc_fly_static elementor-widget elementor-widget-trx_elm_icon_list\" data-id=\"780894b\" data-element_type=\"widget\" data-e-type=\"widget\" data-widget_type=\"trx_elm_icon_list.default\">\n\t\t\t\t<div class=\"elementor-widget-container\">\n\t\t\t\t\t\t\t<div class=\"trx-addons-list-container\">\n\t\t\t<ul class=\"trx-addons-list-items\">\n\t\t\t\t\t\t\t\t\t\t\t\t\t\t\t\t\t\t\t\t\t<li class=\"trx-addons-icon-list-item trx-addons-icon-list-item-with-link elementor-repeater-item-9a25d57\">\n\t\t\t\t\t\t\t\t\t\t\t\t\t\t\t<a href=\"mailto:vicko89@hotmail.com\">\n\t\t\t\t\t\t\t\t\t\t\t\t\t\t\t<h6 class=\"trx-addons-icon-list-text\">\n\t\t\t\t\t\t\t\tvicko89@hotmail.com\t\t\t\t\t\t\t<\/h6>\n\t\t\t\t\t\t\t\t\t\t\t\t\t\t\t<\/a>\n\t\t\t\t\t\t\t\t\t\t\t\t\t\t<\/li>\n\t\t\t\t\t\t\t\t\t\t\t\t\t<\/ul>\n\t\t<\/div>\n\t\t\t\t\t\t<\/div>\n\t\t\t\t<\/div>\n\t\t\t\t<\/div>\n\t\t<div data-animation-type=\"block\" class=\"elementor-element elementor-element-e8c3140 e-con-full e-flex sc_layouts_column_icons_position_left animation_type_block elementor-invisible e-con e-child\" data-id=\"e8c3140\" data-element_type=\"container\" data-e-type=\"container\" data-settings=\"{&quot;animation&quot;:&quot;ta_fadeinup&quot;}\">\n\t\t\t\t<div class=\"elementor-element elementor-element-36a6f63 sc_fly_static elementor-widget elementor-widget-heading\" data-id=\"36a6f63\" data-element_type=\"widget\" data-e-type=\"widget\" data-widget_type=\"heading.default\">\n\t\t\t\t<div class=\"elementor-widget-container\">\n\t\t\t\t\t<h6 class=\"elementor-heading-title elementor-size-default\">Tel\u00e9fono<\/h6>\t\t\t\t<\/div>\n\t\t\t\t<\/div>\n\t\t\t\t<div class=\"elementor-element elementor-element-3ab51a1 elementor-widget__width-initial trx-addons-icon-list-traditional elementor-list-item-link-inline trx-addons-icon-left sc_fly_static elementor-widget elementor-widget-trx_elm_icon_list\" data-id=\"3ab51a1\" data-element_type=\"widget\" data-e-type=\"widget\" data-widget_type=\"trx_elm_icon_list.default\">\n\t\t\t\t<div class=\"elementor-widget-container\">\n\t\t\t\t\t\t\t<div class=\"trx-addons-list-container\">\n\t\t\t<ul class=\"trx-addons-list-items\">\n\t\t\t\t\t\t\t\t\t\t\t\t\t\t\t\t\t\t\t\t\t<li class=\"trx-addons-icon-list-item trx-addons-icon-list-item-with-link elementor-repeater-item-9a25d57\">\n\t\t\t\t\t\t\t\t\t\t\t\t\t\t\t<a href=\"tel:+34%20661%20667%20337\">\n\t\t\t\t\t\t\t\t\t\t\t\t\t\t\t<h6 class=\"trx-addons-icon-list-text\">\n\t\t\t\t\t\t\t\t+34 661 667 337\t\t\t\t\t\t\t<\/h6>\n\t\t\t\t\t\t\t\t\t\t\t\t\t\t\t<\/a>\n\t\t\t\t\t\t\t\t\t\t\t\t\t\t<\/li>\n\t\t\t\t\t\t\t\t\t\t\t\t\t<\/ul>\n\t\t<\/div>\n\t\t\t\t\t\t<\/div>\n\t\t\t\t<\/div>\n\t\t\t\t<\/div>\n\t\t\t\t<\/div>\n\t\t\t\t<\/div>\n\t\t\t\t\t<\/div>\n\t\t\t\t<\/div>\n\t\t<div class=\"elementor-element elementor-element-9776b17 e-flex e-con-boxed sc_layouts_column_icons_position_left e-con e-child\" data-id=\"9776b17\" data-element_type=\"container\" data-e-type=\"container\" data-settings=\"{&quot;background_background&quot;:&quot;classic&quot;}\">\n\t\t\t\t\t<div class=\"e-con-inner\">\n\t\t<div data-animation-type=\"block\" class=\"elementor-element elementor-element-d164a45 e-con-full e-flex sc_layouts_column_icons_position_left animation_type_block elementor-invisible e-con e-child\" data-id=\"d164a45\" data-element_type=\"container\" data-e-type=\"container\" data-settings=\"{&quot;background_background&quot;:&quot;classic&quot;,&quot;animation&quot;:&quot;ta_fadeinup&quot;}\">\n\t\t\t\t<div class=\"elementor-element elementor-element-f986eb6 elementor-widget__width-initial sc_fly_static elementor-widget elementor-widget-heading\" data-id=\"f986eb6\" data-element_type=\"widget\" data-e-type=\"widget\" data-widget_type=\"heading.default\">\n\t\t\t\t<div class=\"elementor-widget-container\">\n\t\t\t\t\t<h3 class=\"elementor-heading-title elementor-size-default\">\u00bfTienes alguna pregunta? Cont\u00e1ctame<\/h3>\t\t\t\t<\/div>\n\t\t\t\t<\/div>\n\t\t\t\t<div class=\"elementor-element elementor-element-f8e950b sc_fly_static elementor-widget elementor-widget-metform\" data-id=\"f8e950b\" data-element_type=\"widget\" data-e-type=\"widget\" data-widget_type=\"metform.default\">\n\t\t\t\t<div class=\"elementor-widget-container\">\n\t\t\t\t\t<div id=\"mf-response-props-id-1199\" data-previous-steps-style=\"\" data-editswitchopen=\"\" data-response_type=\"alert\" data-erroricon=\"fas fa-exclamation-triangle\" data-successicon=\"fas fa-check\" data-messageposition=\"top\" class=\"   mf-scroll-top-no\">\n\t\t<div class=\"formpicker_warper formpicker_warper_editable\" data-metform-formpicker-key=\"1199\" >\n\t\t\t\t\n\t\t\t<div class=\"mf-widget-container\">\n\t\t\t\t\r\n\t\t<div\r\n\t\t\tid=\"metform-wrap-f8e950b-1199\"\r\n\t\t\tclass=\"mf-form-wrapper\"\r\n\t\t\tdata-form-id=\"1199\"\r\n\t\t\tdata-action=\"https:\/\/victoriarubio.es\/es\/wp-json\/metform\/v1\/entries\/insert\/1199\"\r\n\t\t\tdata-wp-nonce=\"c2a38e3ee1\"\r\n\t\t\tdata-form-nonce=\"2749b6871c\"\r\n\t\t\tdata-quiz-summery = \"false\"\r\n\t\t\tdata-save-progress = \"false\"\r\n\t\t\tdata-form-type=\"contact_form\"\r\n\t\t\tdata-stop-vertical-effect=\"\"\r\n\t\t\t><\/div>\r\n\r\n\r\n\t\t<!----------------------------- \r\n\t\t\t* controls_data : find the the props passed indie of data attribute\r\n\t\t\t* props.SubmitResponseMarkup : contains the markup of error or success message\r\n\t\t\t* https:\/\/developer.mozilla.org\/en-US\/docs\/Web\/JavaScript\/Reference\/Template_literals\r\n\t\t--------------------------- -->\r\n\r\n\t\t\t\t<script type=\"text\/mf\" class=\"mf-template\">\r\n\t\t\tfunction controls_data (value){\r\n\t\t\t\tlet currentWrapper = \"mf-response-props-id-1199\";\r\n\t\t\t\tlet currentEl = document.getElementById(currentWrapper);\r\n\t\t\t\t\r\n\t\t\t\treturn currentEl ? currentEl.dataset[value] : false\r\n\t\t\t}\r\n\r\n\r\n\t\t\tlet is_edit_mode = '' ? true : false;\r\n\t\t\tlet message_position = controls_data('messageposition') || 'top';\r\n\r\n\t\t\t\r\n\t\t\tlet message_successIcon = controls_data('successicon') || '';\r\n\t\t\tlet message_errorIcon = controls_data('erroricon') || '';\r\n\t\t\tlet message_editSwitch = controls_data('editswitchopen') === 'yes' ? true : false;\r\n\t\t\tlet message_proClass = controls_data('editswitchopen') === 'yes' ? 'mf_pro_activated' : '';\r\n\t\t\t\r\n\t\t\tlet is_dummy_markup = is_edit_mode && message_editSwitch ? true : false;\r\n\r\n\t\t\t\r\n\t\t\treturn html`\r\n\t\t\t\t<form\r\n\t\t\t\t\tclassName=\"metform-form-content\"\r\n\t\t\t\t\tref=${parent.formContainerRef}\r\n\t\t\t\t\tonSubmit=${ validation.handleSubmit( parent.handleFormSubmit ) }\r\n\t\t\t\t\r\n\t\t\t\t\t>\r\n\t\t\t\r\n\t\t\t\r\n\t\t\t\t\t${is_dummy_markup ? message_position === 'top' ?  props.ResponseDummyMarkup(message_successIcon, message_proClass) : '' : ''}\r\n\t\t\t\t\t${is_dummy_markup ? ' ' :  message_position === 'top' ? props.SubmitResponseMarkup`${parent}${state}${message_successIcon}${message_errorIcon}${message_proClass}` : ''}\r\n\r\n\t\t\t\t\t<!--------------------------------------------------------\r\n\t\t\t\t\t*** IMPORTANT \/ DANGEROUS ***\r\n\t\t\t\t\t${html``} must be used as in immediate child of \"metform-form-main-wrapper\"\r\n\t\t\t\t\tclass otherwise multistep form will not run at all\r\n\t\t\t\t\t---------------------------------------------------------->\r\n\r\n\t\t\t\t\t<div className=\"metform-form-main-wrapper\" key=${'hide-form-after-submit'} ref=${parent.formRef}>\r\n\t\t\t\t\t${html`\r\n\t\t\t\t\t\t\t\t<div data-elementor-type=\"wp-post\" key=\"2\" data-elementor-id=\"1199\" className=\"elementor elementor-1199 elementor-172\" data-elementor-post-type=\"metform-form\">\n\t\t\t\t<div className=\"elementor-element elementor-element-aaf4ee4 e-con-full e-flex sc_layouts_column_icons_position_left e-con e-parent\" data-id=\"aaf4ee4\" data-element_type=\"container\" data-e-type=\"container\">\n\t\t\t\t<div className=\"elementor-element elementor-element-2060409 sc_fly_static elementor-widget elementor-widget-mf-text\" data-id=\"2060409\" data-element_type=\"widget\" data-e-type=\"widget\" data-settings=\"{&quot;mf_input_name&quot;:&quot;mf-name&quot;}\" data-widget_type=\"mf-text.default\">\n\t\t\t\t<div className=\"elementor-widget-container\">\n\t\t\t\t\t\r\n\t\t<div className=\"mf-input-wrapper\">\r\n\t\t\t\r\n\t\t\t<input\r\n\t\t\t\ttype=\"text\"\r\n\t\t\t\tclassName=\"mf-input \"\r\n\t\t\t\tid=\"mf-input-text-2060409\"\r\n\t\t\t\tname=\"mf-name\"\r\n\t\t\t\tplaceholder=\"${ parent.decodeEntities(`Escribe tu nombre`) } \"\r\n\t\t\t\t\t\t\t\t\tonInput=${parent.handleChange}\r\n\t\t\t\t\tonBlur=${parent.handleChange}\r\n\t\t\t\t\taria-invalid=${validation.errors['mf-name'] ? 'true' : 'false'}\r\n\t\t\t\t\tref=${el =>{\r\n\t\t\t\t\t\t\t\t\t\t\t\tparent.activateValidation({\"message\":\"Este campo es obligatorio.\",\"minLength\":1,\"maxLength\":\"\",\"type\":\"none\",\"required\":true,\"expression\":\"null\"}, el)\r\n\t\t\t\t\t}}\r\n\t\t\t\t\t\t\t\t\/>\r\n\r\n\t\t\t\t\t\t\t<${validation.ErrorMessage}\r\n\t\t\t\t\terrors=${validation.errors}\r\n\t\t\t\t\tname=\"mf-name\"\r\n\t\t\t\t\tas=${html`<span className=\"mf-error-message\"><\/span>`}\r\n\t\t\t\t\t\/>\r\n\t\t\t\r\n\t\t\t\t\t<\/div>\r\n\r\n\t\t\t\t\t\t<\/div>\n\t\t\t\t<\/div>\n\t\t\t\t<div className=\"elementor-element elementor-element-8eefd49 sc_fly_static elementor-widget elementor-widget-mf-email\" data-id=\"8eefd49\" data-element_type=\"widget\" data-e-type=\"widget\" data-settings=\"{&quot;mf_input_name&quot;:&quot;mf-email&quot;}\" data-widget_type=\"mf-email.default\">\n\t\t\t\t<div className=\"elementor-widget-container\">\n\t\t\t\t\t\r\n\t\t<div className=\"mf-input-wrapper\">\r\n\t\t\t\r\n\t\t\t<input \r\n\t\t\t\ttype=\"email\" \r\n\t\t\t\t \r\n\t\t\t\tdefaultValue=\"\" \r\n\t\t\t\tclassName=\"mf-input \" \r\n\t\t\t\tid=\"mf-input-email-8eefd49\" \r\n\t\t\t\tname=\"mf-email\" \r\n\t\t\t\tplaceholder=\"${ parent.decodeEntities(`Escribe tu correo electr\u00f3nico`) } \" \r\n\t\t\t\t \r\n\t\t\t\tonBlur=${parent.handleChange} onFocus=${parent.handleChange} aria-invalid=${validation.errors['mf-email'] ? 'true' : 'false' } \r\n\t\t\t\tref=${el=> parent.activateValidation({\"message\":\"Este campo es obligatorio.\",\"emailMessage\":\"Por favor, introduce una direcci\\u00f3n de correo electr\\u00f3nico v\\u00e1lida.\",\"minLength\":1,\"maxLength\":\"\",\"type\":\"none\",\"required\":true,\"expression\":\"null\"}, el)}\r\n\t\t\t\t\t\t\t\/>\r\n\r\n\t\t\t\t\t\t<${validation.ErrorMessage} \r\n\t\t\t\terrors=${validation.errors} \r\n\t\t\t\tname=\"mf-email\" \r\n\t\t\t\tas=${html`<span className=\"mf-error-message\"><\/span>`}\r\n\t\t\t\/>\r\n\t\t\t\r\n\t\t\t\t\t<\/div>\r\n\r\n\t\t\t\t<\/div>\n\t\t\t\t<\/div>\n\t\t\t\t<div className=\"elementor-element elementor-element-3d3c42a sc_fly_static elementor-widget elementor-widget-mf-text\" data-id=\"3d3c42a\" data-element_type=\"widget\" data-e-type=\"widget\" data-settings=\"{&quot;mf_input_name&quot;:&quot;mf-subject&quot;}\" data-widget_type=\"mf-text.default\">\n\t\t\t\t<div className=\"elementor-widget-container\">\n\t\t\t\t\t\r\n\t\t<div className=\"mf-input-wrapper\">\r\n\t\t\t\r\n\t\t\t<input\r\n\t\t\t\ttype=\"text\"\r\n\t\t\t\tclassName=\"mf-input \"\r\n\t\t\t\tid=\"mf-input-text-3d3c42a\"\r\n\t\t\t\tname=\"mf-subject\"\r\n\t\t\t\tplaceholder=\"${ parent.decodeEntities(`Escribe el asunto`) } \"\r\n\t\t\t\t\t\t\t\t\tonInput=${parent.handleChange}\r\n\t\t\t\t\tonBlur=${parent.handleChange}\r\n\t\t\t\t\taria-invalid=${validation.errors['mf-subject'] ? 'true' : 'false'}\r\n\t\t\t\t\tref=${el =>{\r\n\t\t\t\t\t\t\t\t\t\t\t\tparent.activateValidation({\"message\":\"Este campo es obligatorio.\",\"minLength\":1,\"maxLength\":\"\",\"type\":\"none\",\"required\":false,\"expression\":\"null\"}, el)\r\n\t\t\t\t\t}}\r\n\t\t\t\t\t\t\t\t\/>\r\n\r\n\t\t\t\t\t\t\t<${validation.ErrorMessage}\r\n\t\t\t\t\terrors=${validation.errors}\r\n\t\t\t\t\tname=\"mf-subject\"\r\n\t\t\t\t\tas=${html`<span className=\"mf-error-message\"><\/span>`}\r\n\t\t\t\t\t\/>\r\n\t\t\t\r\n\t\t\t\t\t<\/div>\r\n\r\n\t\t\t\t\t\t<\/div>\n\t\t\t\t<\/div>\n\t\t\t\t<div className=\"elementor-element elementor-element-e24aeef sc_fly_static elementor-widget elementor-widget-mf-textarea\" data-id=\"e24aeef\" data-element_type=\"widget\" data-e-type=\"widget\" data-settings=\"{&quot;mf_input_name&quot;:&quot;mf-message&quot;}\" data-widget_type=\"mf-textarea.default\">\n\t\t\t\t<div className=\"elementor-widget-container\">\n\t\t\t\t\t\r\n\t\t<div className=\"mf-input-wrapper\">\r\n\t\t\t\r\n\t\t\t<textarea className=\"mf-input mf-textarea \" id=\"mf-input-text-area-e24aeef\"\r\n\t\t\t\tname=\"mf-message\" \r\n\t\t\t\tplaceholder=\"${ parent.decodeEntities(`Escribe tu mensaje`) } \"\r\n\t\t\t\tcols=\"30\" rows=\"10\"\r\n\t\t\t\t\t\t\t\t\tonInput=${ parent.handleChange }\r\n\t\t\t\t\taria-invalid=${validation.errors['mf-message'] ? 'true' : 'false'}\r\n\t\t\t\t\tref=${ el => parent.activateValidation({\"message\":\"Este campo es obligatorio.\",\"minLength\":1,\"maxLength\":\"\",\"type\":\"none\",\"required\":false,\"expression\":\"null\"}, el)}\r\n\t\t\t\t\t\t\t\t><\/textarea>\r\n\r\n\t\t\t\t\t\t\t<${validation.ErrorMessage}\r\n\t\t\t\t\terrors=${validation.errors}\r\n\t\t\t\t\tname=\"mf-message\"\r\n\t\t\t\t\tas=${html`<span className=\"mf-error-message\"><\/span>`}\r\n\t\t\t\t\t\/>\r\n\t\t\t\t\t\t\t\t<\/div>\r\n\r\n\t\t\t\t\t\t<\/div>\n\t\t\t\t<\/div>\n\t\t\t\t<div className=\"elementor-element elementor-element-52c5a5e sc_fly_static elementor-widget elementor-widget-mf-gdpr-consent\" data-id=\"52c5a5e\" data-element_type=\"widget\" data-e-type=\"widget\" data-settings=\"{&quot;mf_input_name&quot;:&quot;mf-gdpr-consent&quot;}\" data-widget_type=\"mf-gdpr-consent.default\">\n\t\t\t\t<div className=\"elementor-widget-container\">\n\t\t\t\t\t\n\t\t<div className=\"mf-input-wrapper\">\n\t\t\t\n\t\t\t<div className=\"mf-checkbox multi-option-input-type\" id=\"mf-input-gdpr-52c5a5e\">\n\t\t\t\t<div className=\"mf-checkbox-option\">\n\t\t\t\t\t<label>\n\t\t\t\t\t\t\t\t\t\t\t\t<input\n\t\t\t\t\t\t\ttype=\"checkbox\"\n\t\t\t\t\t\t\tclassName=\"mf-input mf-checkbox-input \"\n\t\t\t\t\t\t\tname=\"mf-gdpr-consent\"\n\t\t\t\t\t\t\t\t\t\t\t\t\t\t\tonInput=${ parent.handleOptin }\n\t\t\t\t\t\t\t\taria-invalid=${validation.errors['mf-gdpr-consent'] ? 'true' : 'false'}\n\t\t\t\t\t\t\t\tref=${ el => parent.activateValidation({\"message\":\"Este campo es obligatorio.\",\"minLength\":1,\"maxLength\":\"\",\"type\":\"none\",\"required\":true,\"expression\":\"null\"}, el) }\n\t\t\t\t\t\t\t\t\t\t\t\t\t\t\/>\n\t\t\t\t\t\t<span>\n\t\t\t\t\t\t\tHe le\u00eddo y acepto la <a href='\/es\/politica-de-privacidad\/'>pol\u00edtica de privacidad<\/a>.\t\t\t\t\t\t<\/span>\n\t\t\t\t\t<\/label>\n\t\t\t\t<\/div>\n\t\t\t<\/div>\n\n\t\t\t\t\t\t\t<${validation.ErrorMessage}\n\t\t\t\t\terrors=${validation.errors}\n\t\t\t\t\tname=\"mf-gdpr-consent\"\n\t\t\t\t\tas=${html`<span className=\"mf-error-message\"><\/span>`}\n\t\t\t\t\t\/>\n\t\t\t\n\t\t\t\t\t<\/div>\n\n\t\t\t\t\t\t<\/div>\n\t\t\t\t<\/div>\n\t\t\t\t<div className=\"elementor-element elementor-element-d67b625 mf-btn--justify mf-btn--tablet-justify mf-btn--mobile-justify sc_fly_static elementor-widget elementor-widget-mf-button\" data-id=\"d67b625\" data-element_type=\"widget\" data-e-type=\"widget\" data-widget_type=\"mf-button.default\">\n\t\t\t\t<div className=\"elementor-widget-container\">\n\t\t\t\t\t\t\t<div className=\"mf-btn-wraper \" data-mf-form-conditional-logic-requirement=\"\">\r\n\t\t\t\t\t\t\t<button type=\"submit\" className=\"metform-btn metform-submit-btn \" id=\"\">\r\n\t\t\t\t\t<span>${ parent.decodeEntities(`Enviar`) } <\/span>\r\n\t\t\t\t<\/button>\r\n\t\t\t        <\/div>\r\n        \t\t\t\t<\/div>\n\t\t\t\t<\/div>\n\t\t\t\t<\/div>\n\t\t\t\t<\/div>\n\t\t\t\t\t\t\t`}\r\n\t\t\t\t\t<\/div>\r\n\r\n\t\t\t\t\t${is_dummy_markup ? message_position === 'bottom' ? props.ResponseDummyMarkup(message_successIcon, message_proClass) : '' : ''}\r\n\t\t\t\t\t${is_dummy_markup ? ' ' : message_position === 'bottom' ? props.SubmitResponseMarkup`${parent}${state}${message_successIcon}${message_errorIcon}${message_proClass}` : ''}\r\n\t\t\t\t\r\n\t\t\t\t<\/form>\r\n\t\t\t`\r\n\t\t<\/script>\r\n\r\n\t\t\t\t\t<\/div>\n\t\t<\/div>\n\t\t<\/div>\t\t\t\t<\/div>\n\t\t\t\t<\/div>\n\t\t\t\t<\/div>\n\t\t\t\t\t<\/div>\n\t\t\t\t<\/div>\n\t\t<div class=\"elementor-element elementor-element-ee690e5 e-con-full elementor-hidden-desktop elementor-hidden-tablet elementor-hidden-mobile e-flex sc_layouts_column_icons_position_left e-con e-parent\" data-id=\"ee690e5\" data-element_type=\"container\" data-e-type=\"container\">\n\t\t\t\t<div class=\"elementor-element elementor-element-036ca40 sc_fly_static elementor-widget elementor-widget-trx_sc_googlemap\" data-id=\"036ca40\" data-element_type=\"widget\" data-e-type=\"widget\" data-widget_type=\"trx_sc_googlemap.default\">\n\t\t\t\t<div class=\"elementor-widget-container\">\n\t\t\t\t\t<div id=\"sc_googlemap_570374010_wrap\" class=\"sc_googlemap_wrap\"><div id=\"sc_googlemap_570374010\"\t\t\tclass=\"sc_item_content sc_map sc_googlemap sc_googlemap_default trx_addons_inline_1132707471\"\n\t\t\t \t\t\tdata-zoom=\"16\"\n\t\t\tdata-center=\"\"\n\t\t\tdata-style=\"default\"\n\t\t\tdata-map-id=\"\"\n\t\t\tdata-cluster-icon=\"\"\n\t\t\t><iframe\n\t\t\t\t\t\tsrc=\"https:\/\/maps.google.com\/maps?t=m&output=embed&iwloc=near&z=16&q=Carrer+Puig+de+Pollen%C3%A7a+47+Escalera+1+piso+1A\"\n\t\t\t\t\t\taria-label=\"\"><\/iframe><\/div><\/div>\t\t\t\t<\/div>\n\t\t\t\t<\/div>\n\t\t\t\t<\/div>\n\t\t\t\t<\/div>\n\t\t\n    <div class=\"xs_social_share_widget xs_share_url after_content \t\tmain_content  wslu-style-1 wslu-share-box-shaped wslu-fill-colored wslu-none wslu-share-horizontal wslu-theme-font-no wslu-main_content\">\n\n\t\t\n        <ul>\n\t\t\t        <\/ul>\n    <\/div> \n","protected":false},"excerpt":{"rendered":"<p>Hablemos Si est\u00e1s pensando en mudarte a Mallorca, invertir desde el extranjero o&hellip;<\/p>\n","protected":false},"author":1,"featured_media":0,"parent":0,"menu_order":0,"comment_status":"closed","ping_status":"closed","template":"","meta":{"postBodyCss":"","postBodyMargin":[],"postBodyPadding":[],"postBodyBackground":{"backgroundType":"classic","gradient":""},"footnotes":""},"class_list":["post-1113","page","type-page","status-publish","hentry"],"_links":{"self":[{"href":"https:\/\/victoriarubio.es\/es\/wp-json\/wp\/v2\/pages\/1113","targetHints":{"allow":["GET"]}}],"collection":[{"href":"https:\/\/victoriarubio.es\/es\/wp-json\/wp\/v2\/pages"}],"about":[{"href":"https:\/\/victoriarubio.es\/es\/wp-json\/wp\/v2\/types\/page"}],"author":[{"embeddable":true,"href":"https:\/\/victoriarubio.es\/es\/wp-json\/wp\/v2\/users\/1"}],"replies":[{"embeddable":true,"href":"https:\/\/victoriarubio.es\/es\/wp-json\/wp\/v2\/comments?post=1113"}],"version-history":[{"count":8,"href":"https:\/\/victoriarubio.es\/es\/wp-json\/wp\/v2\/pages\/1113\/revisions"}],"predecessor-version":[{"id":1354,"href":"https:\/\/victoriarubio.es\/es\/wp-json\/wp\/v2\/pages\/1113\/revisions\/1354"}],"wp:attachment":[{"href":"https:\/\/victoriarubio.es\/es\/wp-json\/wp\/v2\/media?parent=1113"}],"curies":[{"name":"wp","href":"https:\/\/api.w.org\/{rel}","templated":true}]}}